{"id":9988,"date":"2023-05-05T13:30:54","date_gmt":"2023-05-05T13:30:54","guid":{"rendered":"https:\/\/amazonhidro.com\/?page_id=9988"},"modified":"2023-05-09T16:10:11","modified_gmt":"2023-05-09T16:10:11","slug":"contato","status":"publish","type":"page","link":"https:\/\/amazonhidro.com\/index.php\/contato\/","title":{"rendered":"Contato"},"content":{"rendered":"<p>[vc_section css=&#8221;.vc_custom_1683648605267{padding-top: 15px !important;padding-bottom: 15px !important;}&#8221;][vc_row][vc_column]<div class=\"wpb_content_element \"><style type=\"text\/css\">#ut_header_69e112fcd1309 h2.section-title { font-size:60px !important;line-height:70px !important;letter-spacing:-0.03em; }<\/style><header id=\"ut_header_69e112fcd1309\" class=\"section-header  ut-no-title-linebreak-mobile ut-no-lead-linebreak-mobile pt-style-7 header-left header-tablet-left header-mobile-center element-with-custom-line-height\"><div class=\"element-with-custom-line-height\" ><h2 data-title=\"Contato\"  data-responsive-font=\"section_title\" data-responsive-font-settings=\"{&quot;base-font-size&quot;:&quot;global&quot;,&quot;font-size&quot;:{&quot;desktop_large&quot;:&quot;60&quot;},&quot;base-line-height&quot;:&quot;global&quot;,&quot;line-height&quot;:{&quot;desktop_large&quot;:&quot;70&quot;},&quot;base-letter-spacing&quot;:&quot;global&quot;,&quot;letter-spacing&quot;:{&quot;desktop_large&quot;:&quot;-0.03&quot;}}\" class=\"section-title  \"><span>Contato<\/span><\/h2><\/div><\/header><\/div>[\/vc_column][\/vc_row][vc_row][vc_column width=&#8221;1\/4&#8243;][\/vc_column][vc_column width=&#8221;3\/4&#8243;]<div class=\"wpb_content_element  \"><div class=\"wpforms-container wpforms-container-full wpforms-render-modern\" id=\"wpforms-9996\"><form id=\"wpforms-form-9996\" class=\"wpforms-validate wpforms-form wpforms-ajax-form\" data-formid=\"9996\" method=\"post\" enctype=\"multipart\/form-data\" action=\"\/index.php\/wp-json\/wp\/v2\/pages\/9988\" data-token=\"b1c1778dd737661b08bf4237e5421615\"><noscript class=\"wpforms-error-noscript\">Ative o JavaScript no seu navegador para preencher este formul\u00e1rio.<\/noscript><div class=\"wpforms-hidden\" id=\"wpforms-error-noscript\">Ative o JavaScript no seu navegador para preencher este formul\u00e1rio.<\/div><div class=\"wpforms-field-container\"><div id=\"wpforms-9996-field_4-container\" class=\"wpforms-field wpforms-field-select wpforms-field-select-style-modern\" data-field-id=\"4\"><label class=\"wpforms-field-label\" for=\"wpforms-9996-field_4\">Assunto <span class=\"wpforms-required-label\" aria-hidden=\"true\">*<\/span><\/label><select id=\"wpforms-9996-field_4\" class=\"wpforms-field-medium wpforms-field-required choicesjs-select\" data-size-class=\"wpforms-field-row wpforms-field-medium\" data-search-enabled=\"\" name=\"wpforms[fields][4]\" required=\"required\"><option value=\"\" class=\"placeholder\" disabled  selected='selected'>- Selecione o Assunto que Deseja Tratar -<\/option><option value=\"Laborat\u00f3rio de An\u00e1lise de \u00c1gua e Efluentes\" >Laborat\u00f3rio de An\u00e1lise de \u00c1gua e Efluentes<\/option><option value=\"Hidr\u00e1ulica e Saneamento\" >Hidr\u00e1ulica e Saneamento<\/option><option value=\"Consultoria e Engenharia Ambiental\" >Consultoria e Engenharia Ambiental<\/option><option value=\"Gest\u00e3o de Recursos H\u00eddricos\" >Gest\u00e3o de Recursos H\u00eddricos<\/option><option value=\"Outros Assuntos\" >Outros Assuntos<\/option><\/select><\/div><div id=\"wpforms-9996-field_0-container\" class=\"wpforms-field wpforms-field-name\" data-field-id=\"0\"><label class=\"wpforms-field-label\" for=\"wpforms-9996-field_0\">Nome <span class=\"wpforms-required-label\" aria-hidden=\"true\">*<\/span><\/label><input type=\"text\" id=\"wpforms-9996-field_0\" class=\"wpforms-field-medium wpforms-field-required\" name=\"wpforms[fields][0]\" placeholder=\"Informe o seu nome completo\" aria-errormessage=\"wpforms-9996-field_0-error\" required><\/div><div id=\"wpforms-9996-field_1-container\" class=\"wpforms-field wpforms-field-email\" data-field-id=\"1\"><label class=\"wpforms-field-label\" for=\"wpforms-9996-field_1\">Email <span class=\"wpforms-required-label\" aria-hidden=\"true\">*<\/span><\/label><input type=\"email\" id=\"wpforms-9996-field_1\" class=\"wpforms-field-medium wpforms-field-required\" name=\"wpforms[fields][1]\" placeholder=\"email@email.com\" spellcheck=\"false\" aria-errormessage=\"wpforms-9996-field_1-error\" required><\/div><div id=\"wpforms-9996-field_3-container\" class=\"wpforms-field wpforms-field-number\" data-field-id=\"3\"><label class=\"wpforms-field-label\" for=\"wpforms-9996-field_3\">Telefone <span class=\"wpforms-required-label\" aria-hidden=\"true\">*<\/span><\/label><input type=\"number\" pattern=\"\\d*\" id=\"wpforms-9996-field_3\" class=\"wpforms-field-medium wpforms-field-required\" name=\"wpforms[fields][3]\" placeholder=\"(DD) 9-9999.9999\" aria-errormessage=\"wpforms-9996-field_3-error\" required><\/div><div id=\"wpforms-9996-field_2-container\" class=\"wpforms-field wpforms-field-textarea\" data-field-id=\"2\"><label class=\"wpforms-field-label\" for=\"wpforms-9996-field_2\">Mensagem<\/label><textarea id=\"wpforms-9996-field_2\" class=\"wpforms-field-medium\" name=\"wpforms[fields][2]\" aria-errormessage=\"wpforms-9996-field_2-error\" ><\/textarea><\/div><\/div><!-- .wpforms-field-container --><div class=\"wpforms-submit-container\" ><input type=\"hidden\" name=\"wpforms[id]\" value=\"9996\"><input type=\"hidden\" name=\"wpforms[author]\" value=\"1\"><button type=\"submit\" name=\"wpforms[submit]\" id=\"wpforms-submit-9996\" class=\"wpforms-submit\" data-alt-text=\"Enviando\" data-submit-text=\"Enviar\" aria-live=\"assertive\" value=\"wpforms-submit\">Enviar<\/button><img loading=\"lazy\" decoding=\"async\" src=\"https:\/\/amazonhidro.com\/wp-content\/plugins\/wpforms-lite\/assets\/images\/submit-spin.svg\" class=\"wpforms-submit-spinner\" style=\"display: none;\" width=\"26\" height=\"26\" alt=\"A Carregar\"><\/div><\/form><\/div>  <!-- .wpforms-container --><\/div>[\/vc_column][\/vc_row][\/vc_section]<\/p>\n","protected":false},"excerpt":{"rendered":"<p>[vc_section css=&#8221;.vc_custom_1683648605267{padding-top: 15px !important;padding-bottom: 15px !important;}&#8221;][vc_row][vc_column][\/vc_column][\/vc_row][vc_row][vc_column width=&#8221;1\/4&#8243;][\/vc_column][vc_column width=&#8221;3\/4&#8243;][\/vc_column][\/vc_row][\/vc_section]<\/p>\n","protected":false},"author":1,"featured_media":0,"parent":0,"menu_order":0,"comment_status":"closed","ping_status":"closed","template":"","meta":{"footnotes":""},"class_list":["post-9988","page","type-page","status-publish","hentry"],"_links":{"self":[{"href":"https:\/\/amazonhidro.com\/index.php\/wp-json\/wp\/v2\/pages\/9988","targetHints":{"allow":["GET"]}}],"collection":[{"href":"https:\/\/amazonhidro.com\/index.php\/wp-json\/wp\/v2\/pages"}],"about":[{"href":"https:\/\/amazonhidro.com\/index.php\/wp-json\/wp\/v2\/types\/page"}],"author":[{"embeddable":true,"href":"https:\/\/amazonhidro.com\/index.php\/wp-json\/wp\/v2\/users\/1"}],"replies":[{"embeddable":true,"href":"https:\/\/amazonhidro.com\/index.php\/wp-json\/wp\/v2\/comments?post=9988"}],"version-history":[{"count":9,"href":"https:\/\/amazonhidro.com\/index.php\/wp-json\/wp\/v2\/pages\/9988\/revisions"}],"predecessor-version":[{"id":10113,"href":"https:\/\/amazonhidro.com\/index.php\/wp-json\/wp\/v2\/pages\/9988\/revisions\/10113"}],"wp:attachment":[{"href":"https:\/\/amazonhidro.com\/index.php\/wp-json\/wp\/v2\/media?parent=9988"}],"curies":[{"name":"wp","href":"https:\/\/api.w.org\/{rel}","templated":true}]}}