{"id":9956,"date":"2023-05-05T12:56:58","date_gmt":"2023-05-05T12:56:58","guid":{"rendered":"https:\/\/amazonhidro.com\/?page_id=9956"},"modified":"2023-07-10T17:23:48","modified_gmt":"2023-07-10T17:23:48","slug":"gestao-de-recursos-hidricos","status":"publish","type":"page","link":"https:\/\/amazonhidro.com\/index.php\/gestao-de-recursos-hidricos\/","title":{"rendered":"Gest\u00e3o de Recursos H\u00eddricos"},"content":{"rendered":"<p>[vc_section css=&#8221;.vc_custom_1683648697211{padding-top: 15px !important;padding-bottom: 15px !important;}&#8221;][vc_row][vc_column]<div class=\"wpb_content_element \"><style type=\"text\/css\">#ut_header_69e12ff465d3b h2.section-title { font-size:28px !important;line-height:32px !important;letter-spacing:-0.03em; }<\/style><header id=\"ut_header_69e12ff465d3b\" class=\"section-header  ut-no-title-linebreak-mobile ut-no-lead-linebreak-mobile pt-style-7 header-left header-tablet-left header-mobile-center element-with-custom-line-height\"><div class=\"element-with-custom-line-height\" ><h2 data-title=\"Gest\u00e3o de Recursos H\u00eddricos:\"  data-responsive-font=\"section_title\" data-responsive-font-settings=\"{&quot;base-font-size&quot;:&quot;28&quot;,&quot;font-size&quot;:{&quot;desktop_large&quot;:&quot;28&quot;},&quot;base-line-height&quot;:&quot;32&quot;,&quot;line-height&quot;:{&quot;desktop_large&quot;:&quot;32&quot;},&quot;base-letter-spacing&quot;:&quot;global&quot;,&quot;letter-spacing&quot;:{&quot;desktop_large&quot;:&quot;-0.03&quot;}}\" class=\"section-title  \"><span>Gest\u00e3o de Recursos H\u00eddricos:<\/span><\/h2><\/div><\/header><\/div>[\/vc_column][\/vc_row][vc_row][vc_column width=&#8221;1\/2&#8243;]<div  class=\"wpb_content_element   clearfix\"><style type=\"text\/css\">#ut_am_69e12ff4b5bc1 { opacity: 1; }#ut_am_wrap_69e12ff4b5bc2 .ut-image-gallery-item-caption-title h3 { letter-spacing: 0em; }#ut_am_wrap_69e12ff4b5bc2 .ut-gallery-slider-caption { font-weight: bold; }#ut_am_wrap_69e12ff4b5bc2 { text-align: left; }@media (min-width: 768px) and (max-width: 1024px) { #ut_am_wrap_69e12ff4b5bc2 { text-align: left !important; } }@media (max-width: 767px) { #ut_am_wrap_69e12ff4b5bc2 { text-align: center !important; } }<\/style><div id=\"ut_am_wrap_69e12ff4b5bc2\" class=\"ut-image-gallery-image \"><div id=\"ut_reveal_69e12ff4b5bc3\"  data-appear-top-offset=\"auto\" class=\"ut-animated-image-item ut-image-gallery-item ut-animation-done \"><a class=\"ut-deactivated-link\" href=\"#\"><div class=\"ut-animated-image-zoom\"><img loading=\"lazy\" decoding=\"async\" class=\"ut-lazy skip-lazy ut-animated-image \"  id=\"ut_am_69e12ff4b5bc1\" src=\"data:image\/svg+xml;charset=utf-8,%3Csvg xmlns%3D'http%3A%2F%2Fwww.w3.org%2F2000%2Fsvg' viewBox%3D'0 0 1080 1080'%2F%3E\" data-src=\"https:\/\/amazonhidro.com\/wp-content\/uploads\/2023\/07\/Gestao-de-recursos-hidricos.png\" width=\"1080\" height=\"1080\" alt=\"\"\/><\/div><\/a><\/div><\/div><\/div>[\/vc_column][vc_column width=&#8221;1\/2&#8243;]<div class=\"wpb_content_element \"><style class=\"bklyn-inline-styles\" type=\"text\/css\">#ut_fl_69e12ff4b647f311589955.bklyn-fancy-list { font-size: 14px !important; }#ut_fl_69e12ff4b647f311589955.bklyn-fancy-list { line-height: 28px !important; }#ut_fl_69e12ff4b647f311589955 li span { color: rgba(0, 0, 0, 0.7); }#ut_fl_69e12ff4b647f311589955 a { color: rgba(0, 0, 0, 0.7); }#ut_fl_69e12ff4b647f311589955 a:visited { color: rgba(0, 0, 0, 0.7); }#ut_fl_69e12ff4b647f311589955 ul { list-style-type: square; }<\/style><div id=\"ut_fl_69e12ff4b647f311589955\" class=\"bklyn-fancy-list  bklyn-fancy-list-left bklyn-fancy-list-tablet-left bklyn-fancy-list-mobile-center\"><ul class=\"bklyn-list  bklyn-fancy-list-animated\" data-appear-top-offset=\"almost\"><li class=\"bklyn-list-item-space-xsmall\"><span><span>Monitoramento Hidrom\u00e9trico em rios e igarap\u00e9s (vaz\u00e3o e n\u00edvel)<\/span><\/a><\/span><\/li><li class=\"bklyn-list-item-space-xsmall\"><span><span>Medidas de vaz\u00e3o, velocidade da corrente e n\u00edvel em igarap\u00e9s para instala\u00e7\u00e3o de roda d\u2019\u00e1gua<\/span><\/a><\/span><\/li><li class=\"bklyn-list-item-space-xsmall\"><span><span>Monitoramento da integridade da biota aqu\u00e1tica (peixes, fitoplancton, zooplancton e bentos) em corpos de \u00e1gua naturais e receptores de efluentes; <\/span><\/a><\/span><\/li><li class=\"bklyn-list-item-space-xsmall\"><span><span>Diagn\u00f3stico do grau de assoreamento em rios, lagos e igarap\u00e9s;<\/span><\/a><\/span><\/li><li class=\"bklyn-list-item-space-xsmall\"><span><span>Quantifica\u00e7\u00e3o das taxas de sedimenta\u00e7\u00e3o em rios, lagos e igarap\u00e9s; <\/span><\/a><\/span><\/li><li class=\"bklyn-list-item-space-xsmall\"><span><span>Estudo de capacidade poluidora em corpo receptor \u2013 dilui\u00e7\u00e3o e auto depura\u00e7\u00e3o de lan\u00e7amento efluentes<\/span><\/a><\/span><\/li><li class=\"bklyn-list-item-space-xsmall\"><span><span>Processo de Obten\u00e7\u00e3o de outorgas de uso de \u00e1gua superficial e subterr\u00e2nea<\/span><\/a><\/span><\/li><li class=\"bklyn-list-item-space-xsmall\"><span><span>Viabiliza\u00e7\u00e3o tecnol\u00f3gica moderna e econ\u00f4mica para tratamento de \u00e1gua e efluentes;<\/span><\/a><\/span><\/li><li class=\"bklyn-list-item-space-xsmall\"><span><span>Monitoramento de qualidade da \u00e1gua subterr\u00e2nea, rios\/lagos e de processos industriais<\/span><\/a><\/span><\/li><li class=\"bklyn-list-item-space-xsmall\"><span><span>Entre outros.<\/span><\/a><\/span><\/li><\/ul><\/div><\/div>[\/vc_column][\/vc_row][\/vc_section]<\/p>\n","protected":false},"excerpt":{"rendered":"<p>[vc_section css=&#8221;.vc_custom_1683648697211{padding-top: 15px !important;padding-bottom: 15px !important;}&#8221;][vc_row][vc_column][\/vc_column][\/vc_row][vc_row][vc_column width=&#8221;1\/2&#8243;][\/vc_column][vc_column width=&#8221;1\/2&#8243;][\/vc_column][\/vc_row][\/vc_section]<\/p>\n","protected":false},"author":1,"featured_media":0,"parent":0,"menu_order":0,"comment_status":"closed","ping_status":"closed","template":"","meta":{"footnotes":""},"class_list":["post-9956","page","type-page","status-publish","hentry"],"_links":{"self":[{"href":"https:\/\/amazonhidro.com\/index.php\/wp-json\/wp\/v2\/pages\/9956","targetHints":{"allow":["GET"]}}],"collection":[{"href":"https:\/\/amazonhidro.com\/index.php\/wp-json\/wp\/v2\/pages"}],"about":[{"href":"https:\/\/amazonhidro.com\/index.php\/wp-json\/wp\/v2\/types\/page"}],"author":[{"embeddable":true,"href":"https:\/\/amazonhidro.com\/index.php\/wp-json\/wp\/v2\/users\/1"}],"replies":[{"embeddable":true,"href":"https:\/\/amazonhidro.com\/index.php\/wp-json\/wp\/v2\/comments?post=9956"}],"version-history":[{"count":10,"href":"https:\/\/amazonhidro.com\/index.php\/wp-json\/wp\/v2\/pages\/9956\/revisions"}],"predecessor-version":[{"id":10163,"href":"https:\/\/amazonhidro.com\/index.php\/wp-json\/wp\/v2\/pages\/9956\/revisions\/10163"}],"wp:attachment":[{"href":"https:\/\/amazonhidro.com\/index.php\/wp-json\/wp\/v2\/media?parent=9956"}],"curies":[{"name":"wp","href":"https:\/\/api.w.org\/{rel}","templated":true}]}}