{"id":9947,"date":"2023-05-05T12:48:44","date_gmt":"2023-05-05T12:48:44","guid":{"rendered":"https:\/\/amazonhidro.com\/?page_id=9947"},"modified":"2023-07-10T17:32:25","modified_gmt":"2023-07-10T17:32:25","slug":"hidraulica-e-saneamento","status":"publish","type":"page","link":"https:\/\/amazonhidro.com\/index.php\/hidraulica-e-saneamento\/","title":{"rendered":"Hidr\u00e1ulica e Saneamento"},"content":{"rendered":"<p>[vc_section css=&#8221;.vc_custom_1683648764087{padding-top: 15px !important;padding-bottom: 15px !important;}&#8221;][vc_row][vc_column]<div class=\"wpb_content_element \"><style type=\"text\/css\">#ut_header_69e1174b8666f h2.section-title { font-size:28px !important;line-height:32px !important;letter-spacing:-0.03em; }<\/style><header id=\"ut_header_69e1174b8666f\" class=\"section-header  ut-no-title-linebreak-mobile ut-no-lead-linebreak-mobile pt-style-7 header-left header-tablet-left header-mobile-center element-with-custom-line-height\"><div class=\"element-with-custom-line-height\" ><h2 data-title=\"Hidr\u00e1ulica e Saneamento:\"  data-responsive-font=\"section_title\" data-responsive-font-settings=\"{&quot;base-font-size&quot;:&quot;28&quot;,&quot;font-size&quot;:{&quot;desktop_large&quot;:&quot;28&quot;},&quot;base-line-height&quot;:&quot;32&quot;,&quot;line-height&quot;:{&quot;desktop_large&quot;:&quot;32&quot;},&quot;base-letter-spacing&quot;:&quot;global&quot;,&quot;letter-spacing&quot;:{&quot;desktop_large&quot;:&quot;-0.03&quot;}}\" class=\"section-title  \"><span>Hidr\u00e1ulica e Saneamento:<\/span><\/h2><\/div><\/header><\/div>[\/vc_column][\/vc_row][vc_row][vc_column width=&#8221;1\/2&#8243;]<div  class=\"wpb_content_element   clearfix\"><style type=\"text\/css\">#ut_am_69e1174bc5932 { opacity: 1; }#ut_am_wrap_69e1174bc5934 .ut-image-gallery-item-caption-title h3 { letter-spacing: 0em; }#ut_am_wrap_69e1174bc5934 .ut-gallery-slider-caption { font-weight: bold; }#ut_am_wrap_69e1174bc5934 { text-align: left; }@media (min-width: 768px) and (max-width: 1024px) { #ut_am_wrap_69e1174bc5934 { text-align: left !important; } }@media (max-width: 767px) { #ut_am_wrap_69e1174bc5934 { text-align: center !important; } }<\/style><div id=\"ut_am_wrap_69e1174bc5934\" class=\"ut-image-gallery-image \"><div id=\"ut_reveal_69e1174bc5935\"  data-appear-top-offset=\"auto\" class=\"ut-animated-image-item ut-image-gallery-item ut-animation-done \"><a class=\"ut-deactivated-link\" href=\"#\"><div class=\"ut-animated-image-zoom\"><img loading=\"lazy\" decoding=\"async\" class=\"ut-lazy skip-lazy ut-animated-image \"  id=\"ut_am_69e1174bc5932\" src=\"data:image\/svg+xml;charset=utf-8,%3Csvg xmlns%3D'http%3A%2F%2Fwww.w3.org%2F2000%2Fsvg' viewBox%3D'0 0 1080 1080'%2F%3E\" data-src=\"https:\/\/amazonhidro.com\/wp-content\/uploads\/2023\/07\/Hidraulica-e-saneamento.png\" width=\"1080\" height=\"1080\" alt=\"\"\/><\/div><\/a><\/div><\/div><\/div>[\/vc_column][vc_column width=&#8221;1\/2&#8243;]<div class=\"wpb_content_element \"><style class=\"bklyn-inline-styles\" type=\"text\/css\">#ut_fl_69e1174bc6689834202183.bklyn-fancy-list { font-size: 14px !important; }#ut_fl_69e1174bc6689834202183.bklyn-fancy-list { line-height: 28px !important; }#ut_fl_69e1174bc6689834202183 li span { color: rgba(0, 0, 0, 0.7); }#ut_fl_69e1174bc6689834202183 a { color: rgba(0, 0, 0, 0.7); }#ut_fl_69e1174bc6689834202183 a:visited { color: rgba(0, 0, 0, 0.7); }#ut_fl_69e1174bc6689834202183 ul { list-style-type: square; }<\/style><div id=\"ut_fl_69e1174bc6689834202183\" class=\"bklyn-fancy-list  bklyn-fancy-list-left bklyn-fancy-list-tablet-left bklyn-fancy-list-mobile-center\"><ul class=\"bklyn-list  bklyn-fancy-list-animated\" data-appear-top-offset=\"almost\"><li class=\"bklyn-list-item-space-xsmall\"><span><span>Sistemas de abastecimento e tratamento de \u00e1gua<\/span><\/a><\/span><\/li><li class=\"bklyn-list-item-space-xsmall\"><span><span>Tratamento e monitoramento de \u00e1gua de piscina<\/span><\/a><\/span><\/li><li class=\"bklyn-list-item-space-xsmall\"><span><span>Limpeza e desinfec\u00e7\u00e3o de reservat\u00f3rios de \u00e1gua (caixa d\u2019\u00e1gua, cisternas)<\/span><\/a><\/span><\/li><li class=\"bklyn-list-item-space-xsmall\"><span><span>Limpeza e desinfec\u00e7\u00e3o de po\u00e7os<\/span><\/a><\/span><\/li><li class=\"bklyn-list-item-space-xsmall\"><span><span>Elabora\u00e7\u00e3o de Projetos:<\/span><\/a><\/span><\/li><li class=\"bklyn-list-item-space-xsmall\"><span><span>Abastecimento e tratamento de \u00c1gua, Esgotamento Sanit\u00e1rio, Res\u00edduos s\u00f3lidos e Drenagem de \u00e1guas pluviais.<\/span><\/a><\/span><\/li><li class=\"bklyn-list-item-space-xsmall\"><span><span>Elabora\u00e7\u00e3o de Planos Municipais de Saneamento B\u00e1sico \u2013 PMSB<\/span><\/a><\/span><\/li><li class=\"bklyn-list-item-space-xsmall\"><span><span>Elabora\u00e7\u00e3o de Projetos de Aterro Sanit\u00e1rio;<\/span><\/a><\/span><\/li><li class=\"bklyn-list-item-space-xsmall\"><span><span>Elabora\u00e7\u00e3o de Projetos de Instala\u00e7\u00f5es Prediais Hidrossanit\u00e1rias.<\/span><\/a><\/span><\/li><li class=\"bklyn-list-item-space-xsmall\"><span><span>Entre outros. <\/span><\/a><\/span><\/li><\/ul><\/div><\/div>[\/vc_column][\/vc_row][\/vc_section]<\/p>\n","protected":false},"excerpt":{"rendered":"<p>[vc_section css=&#8221;.vc_custom_1683648764087{padding-top: 15px !important;padding-bottom: 15px !important;}&#8221;][vc_row][vc_column][\/vc_column][\/vc_row][vc_row][vc_column width=&#8221;1\/2&#8243;][\/vc_column][vc_column width=&#8221;1\/2&#8243;][\/vc_column][\/vc_row][\/vc_section]<\/p>\n","protected":false},"author":1,"featured_media":0,"parent":0,"menu_order":0,"comment_status":"closed","ping_status":"closed","template":"","meta":{"footnotes":""},"class_list":["post-9947","page","type-page","status-publish","hentry"],"_links":{"self":[{"href":"https:\/\/amazonhidro.com\/index.php\/wp-json\/wp\/v2\/pages\/9947","targetHints":{"allow":["GET"]}}],"collection":[{"href":"https:\/\/amazonhidro.com\/index.php\/wp-json\/wp\/v2\/pages"}],"about":[{"href":"https:\/\/amazonhidro.com\/index.php\/wp-json\/wp\/v2\/types\/page"}],"author":[{"embeddable":true,"href":"https:\/\/amazonhidro.com\/index.php\/wp-json\/wp\/v2\/users\/1"}],"replies":[{"embeddable":true,"href":"https:\/\/amazonhidro.com\/index.php\/wp-json\/wp\/v2\/comments?post=9947"}],"version-history":[{"count":10,"href":"https:\/\/amazonhidro.com\/index.php\/wp-json\/wp\/v2\/pages\/9947\/revisions"}],"predecessor-version":[{"id":10164,"href":"https:\/\/amazonhidro.com\/index.php\/wp-json\/wp\/v2\/pages\/9947\/revisions\/10164"}],"wp:attachment":[{"href":"https:\/\/amazonhidro.com\/index.php\/wp-json\/wp\/v2\/media?parent=9947"}],"curies":[{"name":"wp","href":"https:\/\/api.w.org\/{rel}","templated":true}]}}